{"id":5,"date":"2016-12-07T10:40:36","date_gmt":"2016-12-07T09:40:36","guid":{"rendered":"http:\/\/pelet.pl\/?page_id=5"},"modified":"2017-03-03T09:06:00","modified_gmt":"2017-03-03T08:06:00","slug":"o-firmie","status":"publish","type":"page","link":"http:\/\/pelet.pl\/it\/","title":{"rendered":"La  ditta"},"content":{"rendered":"<p><\/p>\n<div id=\"strategia\">\n<h4>La strategia<\/h4>\n<div class=\"row\">\n<div class=\"col-md-3\">\n<h5>Il Nostro scopo<\/h5>\n<p>e` creare dei valori persistenti<\/p>\n<\/div>\n<div class=\"col-md-3\">\n<h5>La nostra visione<\/h5>\n<p>e` essere  una tra le migliori qualita`<\/p>\n<\/div>\n<div class=\"col-md-3\">\n<h5>La nostra missione<\/h5>\n<p>e`servire ai nostri clienti  un partner di fiducia<\/p>\n<\/div>\n<div class=\"col-md-3\">\n<h5>I nostri valori sono<\/h5>\n<p>cliente,  serieta` e prfessionalita`<\/p>\n<\/div>\n<\/div>\n<\/div>\n<p><!--more--><\/p>\n<p>La ditta TASK e` una ditta familiare, che ha iniziato lavorare nel anno 2003. E` nata con un scopo  di produzione  del pellet. La decisione di lavorazione pro ecologica e` stata presa con consapevolezza di mettere in moto un programma di usufrire l`energia rinnovabile, sapendo che questo e` uno degli impegni del nostro paese  dopo l`integrazione con Unione Europea ed  essendo convinti sempre di piu` dell` interesse  della crescita` dell` energia verde. Abbiamo messo vicino nostro l`impegno dello sviluppo eil sucesso della nostra azienda, abbiamo aggiunto alla tradizionale di Poznan   la laboriosita`, la scrupolosita` e la serieta`. All`inizio c`era l`idea  e l`esperienza, con il tempo abbiamo fatto sui nostri  sbagli. Alcuni anni fa il sviluppo dinamico ci ha costretto ad acquistare un  nuovo parco  macchinario il quale ci ha dato sicurezza  della produzione senza imprevisti, quanto difficile puo essere questa tappa sa chi ci`e passato.<\/p>\n<p>Oggi siamio contenti di avere una propia  azienda della produzione, la quale  con tempo e` stata modernizzata per esere alle norme di tecnologie europee, per questo siamo tra i primi produttori del pellet <b class=\"zielony\">PREMIUM&nbsp;\u2605\u2605\u2605\u2605\u2605<\/b> come conferma il certificato <strong>ENplus A1<\/strong>. Nostri dipendenti sono giovani con ambizioni e qualifiche  in continuo aggiornamento di corsi. Il nostro scopo per futuro piu vicino e` aumentare l`interesse verso bio carburanti nel nostro paese, fare conoscere  i suoi  valori economici che sono indiscutibili .<\/p>","protected":false},"excerpt":{"rendered":"<p>Firma TASK  &#8211; Producent Pelletu Premium\u2605\u2605\u2605\u2605\u2605 najwy\u017cszej jako\u015bci. Warto\u015b\u0107 opa\u0142owa \u2013 5,0 kWh\/kg, wilgotno\u015b\u0107 ca\u0142kowita \u2013 4,96% oraz niska zawarto\u015b\u0107 popio\u0142u \u2013 0,19%.<\/p>\n","protected":false},"author":1,"featured_media":0,"parent":0,"menu_order":0,"comment_status":"closed","ping_status":"closed","template":"","meta":[],"_links":{"self":[{"href":"http:\/\/pelet.pl\/it\/wp-json\/wp\/v2\/pages\/5"}],"collection":[{"href":"http:\/\/pelet.pl\/it\/wp-json\/wp\/v2\/pages"}],"about":[{"href":"http:\/\/pelet.pl\/it\/wp-json\/wp\/v2\/types\/page"}],"author":[{"embeddable":true,"href":"http:\/\/pelet.pl\/it\/wp-json\/wp\/v2\/users\/1"}],"replies":[{"embeddable":true,"href":"http:\/\/pelet.pl\/it\/wp-json\/wp\/v2\/comments?post=5"}],"version-history":[{"count":20,"href":"http:\/\/pelet.pl\/it\/wp-json\/wp\/v2\/pages\/5\/revisions"}],"predecessor-version":[{"id":271,"href":"http:\/\/pelet.pl\/it\/wp-json\/wp\/v2\/pages\/5\/revisions\/271"}],"wp:attachment":[{"href":"http:\/\/pelet.pl\/it\/wp-json\/wp\/v2\/media?parent=5"}],"curies":[{"name":"wp","href":"https:\/\/api.w.org\/{rel}","templated":true}]}}